

{"id":13172,"date":"2025-04-27T18:36:05","date_gmt":"2025-04-27T18:36:05","guid":{"rendered":"https:\/\/klyxa.com\/?page_id=13172"},"modified":"2025-04-27T20:53:36","modified_gmt":"2025-04-27T20:53:36","slug":"disclaimer","status":"publish","type":"page","link":"https:\/\/klyxa.com\/de\/disclaimer\/","title":{"rendered":"Impressum"},"content":{"rendered":"\n<style>\n        \/* Basic Styling for Readability - Move to your site's main CSS *\/\n        body {\n            font-family: sans-serif;\n            line-height: 1.6;\n            color: #333;\n            margin: 0;\n            padding: 0;\n        }\n        .tos-container { \/* Reusing class for consistent styling *\/\n            max-width: 98%;\n            margin: 20px auto;\n            padding: 20px;\n            border: 1px solid #ddd;\n            border-radius: 8px;\n            background-color: #fff;\n        }\n        h1 {\n            text-align: center;\n            color: #1a1a1a;\n            margin-bottom: 20px; \/* More space after title for Imprint *\/\n        }\n        h2 {\n            color: #0056b3; \/* Example accent color *\/\n            margin-top: 1.5em;\n            margin-bottom: 0.5em;\n            border-bottom: 1px solid #eee;\n            padding-bottom: 0.3em;\n        }\n        p, ul, li {\n            margin-bottom: 1em;\n        }\n        ul {\n            padding-left: 20px;\n        }\n        strong {\n            font-weight: bold;\n            color: #1a1a1a;\n        }\n        a {\n            color: #0056b3;\n            text-decoration: none;\n        }\n        a:hover {\n            text-decoration: underline;\n        }\n        hr {\n            border: 0;\n            height: 1px;\n            background-color: #ddd;\n            margin: 2em 0;\n        }\n        .provider-info p { \/* Reusing class for consistent styling *\/\n            margin-bottom: 0.2em; \/* Less space between address lines *\/\n        }\n         .contact-block p {\n            margin-bottom: 0.5em;\n         }\n         .contact-block p strong {\n             display: block; \/* Make label bold and on its own line effectively *\/\n             margin-bottom: 0.1em;\n         }\n         .note {\n             font-style: italic;\n             color: #555;\n             font-size: 0.9em;\n         }\n         .optional-note {\n             font-style: italic;\n             color: #777;\n             font-size: 0.9em;\n         }\n    <\/style>\n<div class=\"tos-container\"> <!-- Reusing class for consistent styling --><\/p>\n<h1>Impressum<\/h1>\n<hr>\n<h2>1. Anbieterkennzeichnung und Kontaktinformationen<\/h2>\n<p class=\"note\"><em>(Hinweis: Die Bereitstellung dieser detaillierten Informationen dient der Transparenz f\u00fcr Nutzer weltweit und entspricht internationalen Best Practices, wie sie beispielsweise durch Gesetze wie das deutsche Telemediengesetz (\u00a7 5 TMG) verdeutlicht werden.)<\/em><\/p>\n<div class=\"provider-info\"> <!-- Reusing class for consistent styling --><\/p>\n<p><strong>KLYXA International LLC<\/strong><\/p>\n<p>1209 Mountain Road Pl NE STE N<\/p>\n<p>Albuquerque, New Mexico 87110<\/p>\n<p>Vereinigte Staaten von Amerika<\/p>\n<\/p><\/div>\n<p><strong>Vertreten durch:<\/strong><br \/>\n       KLYXA International LLC (als juristische Person)<\/p>\n<div class=\"contact-block\">\n<p><strong>Kontakt:<\/strong><br \/>\n           Webseite: <a href=\"https:\/\/klyxa.com\/de\/\" target=\"_blank\" rel=\"noopener noreferrer\">https:\/\/klyxa.com<\/a><br \/>\n           Kontaktformular: <a href=\"https:\/\/klyxa.com\/de\/kontakt\/\" target=\"_blank\" rel=\"noopener noreferrer\">https:\/\/klyxa.com\/contact<\/a><br \/>\n           E-Mail f\u00fcr rechtliche Anfragen: <a href=\"mailto:legal@klyxa.com\">legal@klyxa.com<\/a>\n        <\/p>\n<\/p><\/div>\n<p><strong>Registrierungsinformationen:<\/strong><br \/>\n       Organisiert und registriert nach den Gesetzen des Staates New Mexico, USA.\n    <\/p>\n<hr>\n<h2>2. Art der Dienstleistung<\/h2>\n<p>KLYXA International LLC betreibt die unter klyxa.com verf\u00fcgbare Online-Plattform (die \u201ePlattform\u201c). Die Plattform fungiert als technischer Vermittler, der die Buchung von Dienstleistungen (z. B. Strandliegenmiete, Restaurantreservierungen, Freizeitaktivit\u00e4ten) erleichtert, die von unabh\u00e4ngigen Drittanbietern (\u201eBetreiber\u201c) angeboten werden. KLYXA selbst ist nicht der Anbieter der \u00fcber die Plattform gebuchten Dienstleistungen. Das Vertragsverh\u00e4ltnis f\u00fcr die gebuchte Dienstleistung besteht direkt zwischen dem Nutzer und dem Betreiber.<\/p>\n<hr>\n<h2>3. Verantwortlichkeit f\u00fcr Inhalte<\/h2>\n<p>Als Diensteanbieter sind wir gem\u00e4\u00df allgemeiner Gesetze f\u00fcr eigene Inhalte auf diesen Seiten verantwortlich. Wir sind jedoch nicht verpflichtet, \u00fcbermittelte oder gespeicherte fremde Informationen zu \u00fcberwachen oder nach Umst\u00e4nden zu forschen, die auf eine rechtswidrige T\u00e4tigkeit hinweisen. Dies umfasst, ist aber nicht beschr\u00e4nkt auf, Inhalte, Beschreibungen, Preisangaben und Verf\u00fcgbarkeitsinformationen, die von Betreibern bereitgestellt werden, die ihre Dienste auf der Plattform anbieten (<strong>\u201eBetreiberinhalte\u201c<\/strong>). Obwohl wir uns um Richtigkeit bem\u00fchen, \u00fcbernehmen wir keine Gew\u00e4hr oder Garantie f\u00fcr die Richtigkeit, Vollst\u00e4ndigkeit oder Aktualit\u00e4t der Betreiberinhalte.<\/p>\n<p>Verpflichtungen zur Entfernung oder Sperrung der Nutzung von Informationen nach den allgemeinen Gesetzen bleiben hiervon unber\u00fchrt. Eine diesbez\u00fcgliche Haftung ist jedoch erst ab dem Zeitpunkt der Kenntnis einer konkreten Rechtsverletzung m\u00f6glich. Bei Bekanntwerden von entsprechenden Rechtsverletzungen werden wir diese Inhalte umgehend entfernen.<\/p>\n<hr>\n<h2>4. Haftung f\u00fcr Links<\/h2>\n<p>Unsere Plattform enth\u00e4lt Links zu externen Webseiten Dritter, auf deren Inhalte wir keinen Einfluss haben. Deshalb k\u00f6nnen wir f\u00fcr diese fremden Inhalte auch keine Gew\u00e4hr \u00fcbernehmen. F\u00fcr die Inhalte der verlinkten Seiten ist stets der jeweilige Anbieter oder Betreiber der Seiten verantwortlich. Die verlinkten Seiten wurden zum Zeitpunkt der Verlinkung auf m\u00f6gliche Rechtsverst\u00f6\u00dfe \u00fcberpr\u00fcft. Rechtswidrige Inhalte waren zum Zeitpunkt der Verlinkung nicht erkennbar. Eine permanente inhaltliche Kontrolle der verlinkten Seiten ist jedoch ohne konkrete Anhaltspunkte einer Rechtsverletzung nicht zumutbar. Bei Bekanntwerden von Rechtsverletzungen werden wir derartige Links umgehend entfernen.<\/p>\n<hr>\n<h2>5. Geistiges Eigentum \/ Urheberrecht<\/h2>\n<p>Die durch KLYXA International LLC erstellten Inhalte und Werke auf dieser Plattform (einschlie\u00dflich Texte, Grafiken, Logos, Bilder, Software) unterliegen dem Urheberrecht. Die Vervielf\u00e4ltigung, Bearbeitung, Verbreitung und jede Art der Verwertung au\u00dferhalb der Grenzen des Urheberrechtes bed\u00fcrfen der vorherigen schriftlichen Zustimmung von KLYXA International LLC. Downloads und Kopien dieser Seite sind nur f\u00fcr den privaten, nicht kommerziellen Gebrauch gestattet.<\/p>\n<p>Soweit die Inhalte auf dieser Seite nicht von KLYXA erstellt wurden, werden die Urheberrechte Dritter (einschlie\u00dflich der Betreiber) beachtet. Insbesondere werden Inhalte Dritter als solche gekennzeichnet. Sollten Sie trotzdem auf eine Urheberrechtsverletzung aufmerksam werden, bitten wir um einen entsprechenden Hinweis. Bei Bekanntwerden von Rechtsverletzungen werden wir derartige Inhalte umgehend entfernen.<\/p>\n<hr>\n<h2>6. Online-Streitbeilegung (OS) \/ Verbraucherschlichtung<\/h2>\n<p>Die Europ\u00e4ische Kommission stellt eine Plattform zur Online-Streitbeilegung (OS) bereit: <a href=\"https:\/\/ec.europa.eu\/consumers\/odr\" target=\"_blank\" rel=\"noopener noreferrer\">https:\/\/ec.europa.eu\/consumers\/odr<\/a>. Unsere E-Mail-Adresse finden Sie oben im Impressum.<\/p>\n<p>KLYXA International LLC ist nicht bereit oder verpflichtet, an Streitbeilegungsverfahren vor einer Verbraucherschlichtungsstelle teilzunehmen.<\/p>\n<hr>\n<h2>7. Stand<\/h2>\n<p>Stand dieses Impressums ist April 2025. Wir behalten uns das Recht vor, dieses Impressum bei Bedarf zu aktualisieren.<\/p>\n<\/div>\n<p> <!-- End tos-container --><br \/>\n\n","protected":false},"excerpt":{"rendered":"","protected":false},"author":1,"featured_media":0,"parent":0,"menu_order":0,"comment_status":"closed","ping_status":"closed","template":"","meta":{"footnotes":""},"class_list":["post-13172","page","type-page","status-publish","hentry"],"_links":{"self":[{"href":"https:\/\/klyxa.com\/de\/wp-json\/wp\/v2\/pages\/13172","targetHints":{"allow":["GET"]}}],"collection":[{"href":"https:\/\/klyxa.com\/de\/wp-json\/wp\/v2\/pages"}],"about":[{"href":"https:\/\/klyxa.com\/de\/wp-json\/wp\/v2\/types\/page"}],"author":[{"embeddable":true,"href":"https:\/\/klyxa.com\/de\/wp-json\/wp\/v2\/users\/1"}],"replies":[{"embeddable":true,"href":"https:\/\/klyxa.com\/de\/wp-json\/wp\/v2\/comments?post=13172"}],"version-history":[{"count":0,"href":"https:\/\/klyxa.com\/de\/wp-json\/wp\/v2\/pages\/13172\/revisions"}],"wp:attachment":[{"href":"https:\/\/klyxa.com\/de\/wp-json\/wp\/v2\/media?parent=13172"}],"curies":[{"name":"wp","href":"https:\/\/api.w.org\/{rel}","templated":true}]}}